{"id":5567,"date":"2018-07-31T07:50:08","date_gmt":"2018-07-31T05:50:08","guid":{"rendered":"https:\/\/www.transportesmata.es\/contacto\/"},"modified":"2023-02-22T13:33:25","modified_gmt":"2023-02-22T12:33:25","slug":"contacte","status":"publish","type":"page","link":"https:\/\/www.transportesmata.es\/ca\/contacte\/","title":{"rendered":"Contacte"},"content":{"rendered":"<p>[et_pb_section fb_built=&#8221;1&#8243; fullwidth=&#8221;on&#8221; _builder_version=&#8221;4.16&#8243; hover_enabled=&#8221;0&#8243; global_colors_info=&#8221;{}&#8221; sticky_enabled=&#8221;0&#8243;][et_pb_fullwidth_image _builder_version=&#8221;4.20.0&#8243; background_image=&#8221;https:\/\/www.transportesmata.es\/wp-content\/uploads\/2023\/02\/WhatsApp-Image-2023-02-22-at-09.26.17.jpeg&#8221; custom_padding=&#8221;443px|||&#8221; hover_enabled=&#8221;0&#8243; global_colors_info=&#8221;{}&#8221; title_text=&#8221;WhatsApp Image 2023-02-22 at 09.26.17&#8243; sticky_enabled=&#8221;0&#8243;][\/et_pb_fullwidth_image][\/et_pb_section][et_pb_section fb_built=&#8221;1&#8243; module_id=&#8221;ContacteServeis&#8221; _builder_version=&#8221;4.16&#8243; background_color=&#8221;#347a59&#8243; custom_padding=&#8221;0px|0px|0px|0px|false|false&#8221; z_index_tablet=&#8221;500&#8243; box_shadow_horizontal_tablet=&#8221;0px&#8221; box_shadow_vertical_tablet=&#8221;0px&#8221; box_shadow_blur_tablet=&#8221;40px&#8221; box_shadow_spread_tablet=&#8221;0px&#8221; collapsed=&#8221;on&#8221; global_colors_info=&#8221;{}&#8221;][et_pb_row module_id=&#8221;ContacteCV&#8221; _builder_version=&#8221;4.16&#8243; background_size=&#8221;initial&#8221; background_position=&#8221;top_left&#8221; background_repeat=&#8221;repeat&#8221; global_colors_info=&#8221;{}&#8221;][et_pb_column type=&#8221;4_4&#8243; _builder_version=&#8221;4.16&#8243; custom_padding=&#8221;|||&#8221; global_colors_info=&#8221;{}&#8221; custom_padding__hover=&#8221;|||&#8221;][\/et_pb_column][\/et_pb_row][\/et_pb_section][et_pb_section fb_built=&#8221;1&#8243; specialty=&#8221;on&#8221; custom_padding_last_edited=&#8221;off|desktop&#8221; admin_label=&#8221;Footer&#8221; module_id=&#8221;ContactePressupost&#8221; _builder_version=&#8221;4.16&#8243; background_color=&#8221;#f4f4f4&#8243; background_color_gradient_direction=&#8221;90deg&#8221; custom_padding=&#8221;38px|0px|54px|0px|false|false&#8221; saved_tabs=&#8221;all&#8221; global_colors_info=&#8221;{}&#8221;][et_pb_column type=&#8221;1_2&#8243; specialty_columns=&#8221;2&#8243; _builder_version=&#8221;4.16&#8243; custom_padding=&#8221;|||&#8221; global_colors_info=&#8221;{}&#8221; custom_padding__hover=&#8221;|||&#8221;][et_pb_row_inner make_equal=&#8221;on&#8221; _builder_version=&#8221;4.16&#8243; global_colors_info=&#8221;{}&#8221;][et_pb_column_inner saved_specialty_column_type=&#8221;1_2&#8243; _builder_version=&#8221;4.16&#8243; custom_padding=&#8221;|||&#8221; global_colors_info=&#8221;{}&#8221; custom_padding__hover=&#8221;|||&#8221;][et_pb_text admin_label=&#8221;Title&#8221; _builder_version=&#8221;4.16&#8243; header_2_font=&#8221;Oswald|300|||||||&#8221; header_2_font_size=&#8221;34px&#8221; header_2_letter_spacing=&#8221;1px&#8221; header_2_line_height=&#8221;1.2em&#8221; header_6_font=&#8221;Lato|700||on|||||&#8221; header_6_line_height=&#8221;1.8em&#8221; custom_margin=&#8221;|||&#8221; custom_padding=&#8221;|||&#8221; header_2_font_size_tablet=&#8221;&#8221; header_2_font_size_phone=&#8221;36px&#8221; header_2_font_size_last_edited=&#8221;on|desktop&#8221; z_index_tablet=&#8221;500&#8243; text_text_shadow_horizontal_length_tablet=&#8221;0px&#8221; text_text_shadow_vertical_length_tablet=&#8221;0px&#8221; text_text_shadow_blur_strength_tablet=&#8221;1px&#8221; link_text_shadow_horizontal_length_tablet=&#8221;0px&#8221; link_text_shadow_vertical_length_tablet=&#8221;0px&#8221; link_text_shadow_blur_strength_tablet=&#8221;1px&#8221; ul_text_shadow_horizontal_length_tablet=&#8221;0px&#8221; ul_text_shadow_vertical_length_tablet=&#8221;0px&#8221; ul_text_shadow_blur_strength_tablet=&#8221;1px&#8221; ol_text_shadow_horizontal_length_tablet=&#8221;0px&#8221; ol_text_shadow_vertical_length_tablet=&#8221;0px&#8221; ol_text_shadow_blur_strength_tablet=&#8221;1px&#8221; quote_text_shadow_horizontal_length_tablet=&#8221;0px&#8221; quote_text_shadow_vertical_length_tablet=&#8221;0px&#8221; quote_text_shadow_blur_strength_tablet=&#8221;1px&#8221; header_text_shadow_horizontal_length_tablet=&#8221;0px&#8221; header_text_shadow_vertical_length_tablet=&#8221;0px&#8221; header_text_shadow_blur_strength_tablet=&#8221;1px&#8221; header_2_text_shadow_horizontal_length_tablet=&#8221;0px&#8221; header_2_text_shadow_vertical_length_tablet=&#8221;0px&#8221; header_2_text_shadow_blur_strength_tablet=&#8221;1px&#8221; header_3_text_shadow_horizontal_length_tablet=&#8221;0px&#8221; header_3_text_shadow_vertical_length_tablet=&#8221;0px&#8221; header_3_text_shadow_blur_strength_tablet=&#8221;1px&#8221; header_4_text_shadow_horizontal_length_tablet=&#8221;0px&#8221; header_4_text_shadow_vertical_length_tablet=&#8221;0px&#8221; header_4_text_shadow_blur_strength_tablet=&#8221;1px&#8221; header_5_text_shadow_horizontal_length_tablet=&#8221;0px&#8221; header_5_text_shadow_vertical_length_tablet=&#8221;0px&#8221; header_5_text_shadow_blur_strength_tablet=&#8221;1px&#8221; header_6_text_shadow_horizontal_length_tablet=&#8221;0px&#8221; header_6_text_shadow_vertical_length_tablet=&#8221;0px&#8221; header_6_text_shadow_blur_strength_tablet=&#8221;1px&#8221; box_shadow_horizontal_tablet=&#8221;0px&#8221; box_shadow_vertical_tablet=&#8221;0px&#8221; box_shadow_blur_tablet=&#8221;40px&#8221; box_shadow_spread_tablet=&#8221;0px&#8221; locked=&#8221;off&#8221; global_colors_info=&#8221;{}&#8221;]<\/p>\n<h6><span style=\"color: #3e9630;\">Formulari de contacte<\/span><\/h6>\n<h2>Posa&#8217;t en\u00a0<span style=\"color: #347a59;\">contacte<\/span>!<\/h2>\n<p>[\/et_pb_text][\/et_pb_column_inner][\/et_pb_row_inner][et_pb_row_inner _builder_version=&#8221;4.16&#8243; custom_padding=&#8221;20px|0px|29.6875px|0px&#8221; global_colors_info=&#8221;{}&#8221;][et_pb_column_inner saved_specialty_column_type=&#8221;1_2&#8243; _builder_version=&#8221;4.16&#8243; custom_padding=&#8221;|||&#8221; global_colors_info=&#8221;{}&#8221; custom_padding__hover=&#8221;|||&#8221;][et_pb_text _builder_version=&#8221;4.16&#8243; global_colors_info=&#8221;{}&#8221;]<\/p>\n<p style=\"text-align: justify;\">Contacta amb Transportes Mata omplint el formulari de la dreta. Recorda seleccionar l\u2019assumpte que m\u00e9s s\u2019adeq\u00fci a la teva q\u00fcesti\u00f3 i en breus ens posarem en contacte amb vost\u00e8.<\/p>\n<p>[\/et_pb_text][\/et_pb_column_inner][\/et_pb_row_inner][et_pb_row_inner admin_label=&#8221;Fila&#8221; _builder_version=&#8221;4.16&#8243; global_colors_info=&#8221;{}&#8221;][et_pb_column_inner saved_specialty_column_type=&#8221;1_2&#8243; _builder_version=&#8221;4.16&#8243; custom_padding=&#8221;|||&#8221; global_colors_info=&#8221;{}&#8221; custom_padding__hover=&#8221;|||&#8221;][et_pb_blurb title=&#8221;Correu electr\u00f2nic&#8221; use_icon=&#8221;on&#8221; font_icon=&#8221;&#xe076;||divi||400&#8243; icon_color=&#8221;#347a59&#8243; icon_placement=&#8221;left&#8221; image_icon_width=&#8221;16px&#8221; _builder_version=&#8221;4.16&#8243; header_font=&#8221;Lato|700||on|||||&#8221; header_font_size=&#8221;13px&#8221; header_line_height=&#8221;1.2em&#8221; body_font=&#8221;Lato||||||||&#8221; body_font_size=&#8221;16px&#8221; animation=&#8221;off&#8221; icon_font_size=&#8221;16px&#8221; global_colors_info=&#8221;{}&#8221;]<\/p>\n<p>\n<a href=\"mailto:davidmata@transportesmata.es\">davidmata@transportesmata.es<\/a><br \/>\n<a href=\"mailto:administracion@transportesmata.es\">administracion@transportesmata.es<\/a><\/p>\n<p>[\/et_pb_blurb][\/et_pb_column_inner][\/et_pb_row_inner][et_pb_row_inner column_structure=&#8221;1_2,1_2&#8243; _builder_version=&#8221;4.16&#8243; custom_padding=&#8221;|||&#8221; global_colors_info=&#8221;{}&#8221;][et_pb_column_inner type=&#8221;1_2&#8243; saved_specialty_column_type=&#8221;1_2&#8243; _builder_version=&#8221;4.16&#8243; custom_padding=&#8221;|||&#8221; global_colors_info=&#8221;{}&#8221; custom_padding__hover=&#8221;|||&#8221;][et_pb_blurb title=&#8221;Tel\u00e8fon&#8221; use_icon=&#8221;on&#8221; font_icon=&#8221;&#xe090;||divi||400&#8243; icon_color=&#8221;#347a59&#8243; icon_placement=&#8221;left&#8221; image_icon_width=&#8221;16px&#8221; _builder_version=&#8221;4.16&#8243; header_font=&#8221;Lato|700||on|||||&#8221; header_font_size=&#8221;13px&#8221; header_line_height=&#8221;1.2em&#8221; body_font=&#8221;Lato||||||||&#8221; body_font_size=&#8221;16px&#8221; animation=&#8221;off&#8221; icon_font_size=&#8221;16px&#8221; locked=&#8221;off&#8221; global_colors_info=&#8221;{}&#8221;]<\/p>\n<p>\n<a href=\"tel:977668232 \">977 66 82 32<\/a><br \/>\n<a href=\"tel:+34669425869\">669 425 869<\/a><\/p>\n<p>[\/et_pb_blurb][\/et_pb_column_inner][et_pb_column_inner type=&#8221;1_2&#8243; saved_specialty_column_type=&#8221;1_2&#8243; _builder_version=&#8221;4.16&#8243; custom_padding=&#8221;|||&#8221; global_colors_info=&#8221;{}&#8221; custom_padding__hover=&#8221;|||&#8221;][et_pb_blurb title=&#8221;Direcci\u00f3&#8221; use_icon=&#8221;on&#8221; font_icon=&#8221;&#xe081;||divi||400&#8243; icon_color=&#8221;#347a59&#8243; icon_placement=&#8221;left&#8221; image_icon_width=&#8221;16px&#8221; _builder_version=&#8221;4.16&#8243; header_font=&#8221;Lato|700||on|||||&#8221; header_font_size=&#8221;13px&#8221; header_line_height=&#8221;1.2em&#8221; body_font=&#8221;Lato||||||||&#8221; body_font_size=&#8221;16px&#8221; animation=&#8221;off&#8221; icon_font_size=&#8221;16px&#8221; locked=&#8221;off&#8221; global_colors_info=&#8221;{}&#8221;]<\/p>\n<p>\nAv. els Massets n\u00ba19,<br \/>\nPol\u00edgono els Massets,<br \/>\nBellvei 43719<\/p>\n<p>[\/et_pb_blurb][\/et_pb_column_inner][\/et_pb_row_inner][\/et_pb_column][et_pb_column type=&#8221;1_2&#8243; _builder_version=&#8221;4.16&#8243; custom_padding=&#8221;|||&#8221; global_colors_info=&#8221;{}&#8221; custom_padding__hover=&#8221;|||&#8221;][et_pb_code _builder_version=&#8221;4.20.0&#8243; background_color=&#8221;#ffffff&#8221; custom_padding=&#8221;60px|60px|30px|60px|false|true&#8221; global_colors_info=&#8221;{}&#8221;]<p class=\"wpcf7-contact-form-not-found\"><strong>Error:<\/strong> No s&#039;ha trobat el formulari de contacte.<\/p>[\/et_pb_code][\/et_pb_column][\/et_pb_section][et_pb_section fb_built=&#8221;1&#8243; fullwidth=&#8221;on&#8221; _builder_version=&#8221;4.16&#8243; global_colors_info=&#8221;{}&#8221;][et_pb_fullwidth_code _builder_version=&#8221;4.16&#8243; global_colors_info=&#8221;{}&#8221;]<iframe loading=\"lazy\" src=\"https:\/\/www.google.com\/maps\/embed?pb=!1m18!1m12!1m3!1d3000.3558372290913!2d1.5605920156852149!3d41.23580621334074!2m3!1f0!2f0!3f0!3m2!1i1024!2i768!4f13.1!3m3!1m2!1s0x12a38a56907cf97b%3A0x7e98bf3d57a01b31!2sTRANSPORTES+MATA!5e0!3m2!1ses!2ses!4v1533028245530\" width=\"100%\" height=\"450\" frameborder=\"0\" style=\"border:0;vertical-align:bottom;\" allowfullscreen><\/iframe>[\/et_pb_fullwidth_code][\/et_pb_section]<\/p>\n","protected":false},"excerpt":{"rendered":"<p>Formulari de contactePosa&#8217;t en\u00a0contacte! Contacta amb Transportes Mata omplint el formulari de la dreta. Recorda seleccionar l\u2019assumpte que m\u00e9s s\u2019adeq\u00fci a la teva q\u00fcesti\u00f3 i en breus ens posarem en contacte amb vost\u00e8. davidmata@transportesmata.es administracion@transportesmata.es 977 66 82 32 669 425 869 Av. els Massets n\u00ba19, Pol\u00edgono els Massets, Bellvei 43719 <p class=\"wpcf7-contact-form-not-found\"><strong>Error:<\/strong> No s&#039;ha trobat el formulari de contacte.<\/p><\/p>\n","protected":false},"author":3,"featured_media":0,"parent":0,"menu_order":0,"comment_status":"closed","ping_status":"closed","template":"","meta":{"_et_pb_use_builder":"on","_et_pb_old_content":"","_et_gb_content_width":"","footnotes":""},"class_list":["post-5567","page","type-page","status-publish","hentry"],"yoast_head":"<!-- This site is optimized with the Yoast SEO plugin v22.3 - https:\/\/yoast.com\/wordpress\/plugins\/seo\/ -->\n<title>Contacta amb Transportes Mata | Tel\u00e8fon - Correu electr\u00f2nic - Adre\u00e7a<\/title>\n<meta name=\"description\" content=\"Contacta amb Transportes Mata, per a m\u00e9s informaci\u00f3 sobre els serveis de transport, pressupostos, treballar amb nosaltres o qualsevol altre assumpte.\" \/>\n<meta name=\"robots\" content=\"index, follow, max-snippet:-1, max-image-preview:large, max-video-preview:-1\" \/>\n<link rel=\"canonical\" href=\"https:\/\/www.transportesmata.es\/ca\/contacte\/\" \/>\n<meta property=\"og:locale\" content=\"ca_ES\" \/>\n<meta property=\"og:type\" content=\"article\" \/>\n<meta property=\"og:title\" content=\"Contacta amb Transportes Mata | Tel\u00e8fon - Correu electr\u00f2nic - Adre\u00e7a\" \/>\n<meta property=\"og:description\" content=\"Contacta amb Transportes Mata, per a m\u00e9s informaci\u00f3 sobre els serveis de transport, pressupostos, treballar amb nosaltres o qualsevol altre assumpte.\" \/>\n<meta property=\"og:url\" content=\"https:\/\/www.transportesmata.es\/ca\/contacte\/\" \/>\n<meta property=\"og:site_name\" content=\"Transportes Mata\" \/>\n<meta property=\"article:modified_time\" content=\"2023-02-22T12:33:25+00:00\" \/>\n<meta name=\"twitter:card\" content=\"summary_large_image\" \/>\n<meta name=\"twitter:label1\" content=\"Temps estimat de lectura\" \/>\n\t<meta name=\"twitter:data1\" content=\"2 minuts\" \/>\n<script type=\"application\/ld+json\" class=\"yoast-schema-graph\">{\"@context\":\"https:\/\/schema.org\",\"@graph\":[{\"@type\":\"WebPage\",\"@id\":\"https:\/\/www.transportesmata.es\/ca\/contacte\/\",\"url\":\"https:\/\/www.transportesmata.es\/ca\/contacte\/\",\"name\":\"Contacta amb Transportes Mata | Tel\u00e8fon - Correu electr\u00f2nic - Adre\u00e7a\",\"isPartOf\":{\"@id\":\"https:\/\/www.transportesmata.es\/ca\/#website\"},\"datePublished\":\"2018-07-31T05:50:08+00:00\",\"dateModified\":\"2023-02-22T12:33:25+00:00\",\"description\":\"Contacta amb Transportes Mata, per a m\u00e9s informaci\u00f3 sobre els serveis de transport, pressupostos, treballar amb nosaltres o qualsevol altre assumpte.\",\"breadcrumb\":{\"@id\":\"https:\/\/www.transportesmata.es\/ca\/contacte\/#breadcrumb\"},\"inLanguage\":\"ca\",\"potentialAction\":[{\"@type\":\"ReadAction\",\"target\":[\"https:\/\/www.transportesmata.es\/ca\/contacte\/\"]}]},{\"@type\":\"BreadcrumbList\",\"@id\":\"https:\/\/www.transportesmata.es\/ca\/contacte\/#breadcrumb\",\"itemListElement\":[{\"@type\":\"ListItem\",\"position\":1,\"name\":\"Portada\",\"item\":\"https:\/\/www.transportesmata.es\/ca\/inici\/\"},{\"@type\":\"ListItem\",\"position\":2,\"name\":\"Contacte\"}]},{\"@type\":\"WebSite\",\"@id\":\"https:\/\/www.transportesmata.es\/ca\/#website\",\"url\":\"https:\/\/www.transportesmata.es\/ca\/\",\"name\":\"Transportes Mata\",\"description\":\"Empresa de Transportes Nacionales e Internacionales\",\"publisher\":{\"@id\":\"https:\/\/www.transportesmata.es\/ca\/#organization\"},\"potentialAction\":[{\"@type\":\"SearchAction\",\"target\":{\"@type\":\"EntryPoint\",\"urlTemplate\":\"https:\/\/www.transportesmata.es\/ca\/?s={search_term_string}\"},\"query-input\":\"required name=search_term_string\"}],\"inLanguage\":\"ca\"},{\"@type\":\"Organization\",\"@id\":\"https:\/\/www.transportesmata.es\/ca\/#organization\",\"name\":\"Transportes Mata\",\"url\":\"https:\/\/www.transportesmata.es\/ca\/\",\"logo\":{\"@type\":\"ImageObject\",\"inLanguage\":\"ca\",\"@id\":\"https:\/\/www.transportesmata.es\/ca\/#\/schema\/logo\/image\/\",\"url\":\"https:\/\/www.transportesmata.es\/wp-content\/uploads\/2018\/07\/logo.png\",\"contentUrl\":\"https:\/\/www.transportesmata.es\/wp-content\/uploads\/2018\/07\/logo.png\",\"width\":630,\"height\":313,\"caption\":\"Transportes Mata\"},\"image\":{\"@id\":\"https:\/\/www.transportesmata.es\/ca\/#\/schema\/logo\/image\/\"}}]}<\/script>\n<!-- \/ Yoast SEO plugin. -->","yoast_head_json":{"title":"Contacta amb Transportes Mata | Tel\u00e8fon - Correu electr\u00f2nic - Adre\u00e7a","description":"Contacta amb Transportes Mata, per a m\u00e9s informaci\u00f3 sobre els serveis de transport, pressupostos, treballar amb nosaltres o qualsevol altre assumpte.","robots":{"index":"index","follow":"follow","max-snippet":"max-snippet:-1","max-image-preview":"max-image-preview:large","max-video-preview":"max-video-preview:-1"},"canonical":"https:\/\/www.transportesmata.es\/ca\/contacte\/","og_locale":"ca_ES","og_type":"article","og_title":"Contacta amb Transportes Mata | Tel\u00e8fon - Correu electr\u00f2nic - Adre\u00e7a","og_description":"Contacta amb Transportes Mata, per a m\u00e9s informaci\u00f3 sobre els serveis de transport, pressupostos, treballar amb nosaltres o qualsevol altre assumpte.","og_url":"https:\/\/www.transportesmata.es\/ca\/contacte\/","og_site_name":"Transportes Mata","article_modified_time":"2023-02-22T12:33:25+00:00","twitter_card":"summary_large_image","twitter_misc":{"Temps estimat de lectura":"2 minuts"},"schema":{"@context":"https:\/\/schema.org","@graph":[{"@type":"WebPage","@id":"https:\/\/www.transportesmata.es\/ca\/contacte\/","url":"https:\/\/www.transportesmata.es\/ca\/contacte\/","name":"Contacta amb Transportes Mata | Tel\u00e8fon - Correu electr\u00f2nic - Adre\u00e7a","isPartOf":{"@id":"https:\/\/www.transportesmata.es\/ca\/#website"},"datePublished":"2018-07-31T05:50:08+00:00","dateModified":"2023-02-22T12:33:25+00:00","description":"Contacta amb Transportes Mata, per a m\u00e9s informaci\u00f3 sobre els serveis de transport, pressupostos, treballar amb nosaltres o qualsevol altre assumpte.","breadcrumb":{"@id":"https:\/\/www.transportesmata.es\/ca\/contacte\/#breadcrumb"},"inLanguage":"ca","potentialAction":[{"@type":"ReadAction","target":["https:\/\/www.transportesmata.es\/ca\/contacte\/"]}]},{"@type":"BreadcrumbList","@id":"https:\/\/www.transportesmata.es\/ca\/contacte\/#breadcrumb","itemListElement":[{"@type":"ListItem","position":1,"name":"Portada","item":"https:\/\/www.transportesmata.es\/ca\/inici\/"},{"@type":"ListItem","position":2,"name":"Contacte"}]},{"@type":"WebSite","@id":"https:\/\/www.transportesmata.es\/ca\/#website","url":"https:\/\/www.transportesmata.es\/ca\/","name":"Transportes Mata","description":"Empresa de Transportes Nacionales e Internacionales","publisher":{"@id":"https:\/\/www.transportesmata.es\/ca\/#organization"},"potentialAction":[{"@type":"SearchAction","target":{"@type":"EntryPoint","urlTemplate":"https:\/\/www.transportesmata.es\/ca\/?s={search_term_string}"},"query-input":"required name=search_term_string"}],"inLanguage":"ca"},{"@type":"Organization","@id":"https:\/\/www.transportesmata.es\/ca\/#organization","name":"Transportes Mata","url":"https:\/\/www.transportesmata.es\/ca\/","logo":{"@type":"ImageObject","inLanguage":"ca","@id":"https:\/\/www.transportesmata.es\/ca\/#\/schema\/logo\/image\/","url":"https:\/\/www.transportesmata.es\/wp-content\/uploads\/2018\/07\/logo.png","contentUrl":"https:\/\/www.transportesmata.es\/wp-content\/uploads\/2018\/07\/logo.png","width":630,"height":313,"caption":"Transportes Mata"},"image":{"@id":"https:\/\/www.transportesmata.es\/ca\/#\/schema\/logo\/image\/"}}]}},"_links":{"self":[{"href":"https:\/\/www.transportesmata.es\/ca\/wp-json\/wp\/v2\/pages\/5567","targetHints":{"allow":["GET"]}}],"collection":[{"href":"https:\/\/www.transportesmata.es\/ca\/wp-json\/wp\/v2\/pages"}],"about":[{"href":"https:\/\/www.transportesmata.es\/ca\/wp-json\/wp\/v2\/types\/page"}],"author":[{"embeddable":true,"href":"https:\/\/www.transportesmata.es\/ca\/wp-json\/wp\/v2\/users\/3"}],"replies":[{"embeddable":true,"href":"https:\/\/www.transportesmata.es\/ca\/wp-json\/wp\/v2\/comments?post=5567"}],"version-history":[{"count":10,"href":"https:\/\/www.transportesmata.es\/ca\/wp-json\/wp\/v2\/pages\/5567\/revisions"}],"predecessor-version":[{"id":5853,"href":"https:\/\/www.transportesmata.es\/ca\/wp-json\/wp\/v2\/pages\/5567\/revisions\/5853"}],"wp:attachment":[{"href":"https:\/\/www.transportesmata.es\/ca\/wp-json\/wp\/v2\/media?parent=5567"}],"curies":[{"name":"wp","href":"https:\/\/api.w.org\/{rel}","templated":true}]}}