{"id":4545,"date":"2019-08-20T11:49:12","date_gmt":"2019-08-20T11:49:12","guid":{"rendered":"https:\/\/www.transportesmata.es\/?page_id=4545"},"modified":"2020-09-23T11:03:43","modified_gmt":"2020-09-23T11:03:43","slug":"politica-de-cookies","status":"publish","type":"page","link":"https:\/\/www.transportesmata.es\/ca\/politica-de-cookies\/","title":{"rendered":"Pol\u00edtica de Cookies"},"content":{"rendered":"<p><strong>Sobre l&#8217;\u00fas de Cookies<\/strong><br \/>\nLa nostra Directiva Legal descriu com recollim, guardem o utilitzem la informaci\u00f3 que recaptem a trav\u00e9s dels diferents serveis o p\u00e0gines disponibles en aquest lloc. \u00c9s important que entengui que informaci\u00f3 recollim i com la utilitzem, ja que l&#8217;acc\u00e9s a aquest lloc implica l&#8217;acceptaci\u00f3 la nostra Directiva Legal.<\/p>\n<p><strong>Cookies<\/strong><\/p>\n<p>L&#8217;acc\u00e9s a aquest lloc web pot implicar la utilitzaci\u00f3 de cookies. Les cookies s\u00f3n petites quantitats d&#8217;informaci\u00f3 que s&#8217;emmagatzemen en el navegador utilitzat per cada usuari perqu\u00e8 el servidor recordi certa informaci\u00f3 que posteriorment pugui utilitzar. Aquesta informaci\u00f3 permet identificar a vost\u00e8 com un usuari concret i permet guardar les seves prefer\u00e8ncies personals, aix\u00ed com informaci\u00f3 t\u00e8cnica com poden ser visites o p\u00e0gines concretes que visiti.<\/p>\n<p>Aquells usuaris que no desitgin rebre cookies o vulguin ser informats abans que s&#8217;emmagatzemin al seu ordinador, poden configurar el seu navegador a aquest efecte.<\/p>\n<p>La major part dels navegadors d&#8217;avui en dia permeten la gesti\u00f3 de les cookies de 3 formes diferents:<\/p>\n<ul>\n<li>Les cookies no s&#8217;accepten mai.<\/li>\n<li>El navegador pregunta a l&#8217;usuari si s&#8217;ha d&#8217;acceptar cada cookie.<\/li>\n<li>Les cookies s&#8217;accepten sempre.<\/li>\n<\/ul>\n<p>El navegador tamb\u00e9 pot incloure la possibilitat d&#8217;especificar millor qu\u00e8 cookies han de ser acceptades i quines no.<br \/>\nEn concret, l&#8217;usuari pot normalment acceptar alguna de les seg\u00fcents opcions:<\/p>\n<ul>\n<li>Rebutjar les cookies de determinats dominis.<\/li>\n<li>Rebutjar les cookies de tercers.<\/li>\n<li>Accepta cookies com no persistents (s&#8217;eliminen quan el navegador es tanca).<\/li>\n<li>Permetre al servidor crear cookies per un domini diferent.<\/li>\n<li>Cookies de Tercers i Web Beacons<\/li>\n<\/ul>\n<p>En alguns casos, compartim informaci\u00f3 sobre els visitants d&#8217;aquest lloc de forma an\u00f2nima o agregada amb tercers com puguin ser anunciants, patrocinadors o auditors amb l&#8217;\u00fanica finalitat de millorar els nostres serveis. Totes aquestes tasques de processament seran regulades segons les normes legals i es respectaran tots els seus drets en mat\u00e8ria de protecci\u00f3 de dades d&#8217;acord amb la regulaci\u00f3 vigent.<\/p>\n<p>Aquest lloc mesura el tr\u00e0nsit amb diferents solucions que poden utilitzar cookies o web beacons per analitzar el que succeeix a les nostres p\u00e0gines. Actualment utilitzem Google Analytics per al mesurament del tr\u00e0nsit d&#8217;aquest lloc.<\/p>\n<p>Trobareu m\u00e9s informaci\u00f3 a la Pol\u00edtica de Privacitat de Google Analytics. (https:\/\/policies.google.com\/privacy?hl=cat)<\/p>\n<p>&nbsp;<\/p>\n","protected":false},"excerpt":{"rendered":"<p>Sobre l&#8217;\u00fas de Cookies La nostra Directiva Legal descriu com recollim, guardem o utilitzem la informaci\u00f3 que recaptem a trav\u00e9s dels diferents serveis o p\u00e0gines disponibles en aquest lloc. \u00c9s important que entengui que informaci\u00f3 recollim i com la utilitzem, ja que l&#8217;acc\u00e9s a aquest lloc implica l&#8217;acceptaci\u00f3 la nostra Directiva Legal. Cookies L&#8217;acc\u00e9s a [&hellip;]<\/p>\n","protected":false},"author":3,"featured_media":0,"parent":0,"menu_order":0,"comment_status":"closed","ping_status":"closed","template":"","meta":{"_et_pb_use_builder":"","_et_pb_old_content":"","_et_gb_content_width":"","footnotes":""},"class_list":["post-4545","page","type-page","status-publish","hentry"],"yoast_head":"<!-- This site is optimized with the Yoast SEO plugin v22.3 - https:\/\/yoast.com\/wordpress\/plugins\/seo\/ -->\n<title>Pol\u00edtica de Cookies - Transportes Mata<\/title>\n<meta name=\"robots\" content=\"index, follow, max-snippet:-1, max-image-preview:large, max-video-preview:-1\" \/>\n<link rel=\"canonical\" href=\"https:\/\/www.transportesmata.es\/ca\/politica-de-cookies\/\" \/>\n<meta property=\"og:locale\" content=\"ca_ES\" \/>\n<meta property=\"og:type\" content=\"article\" \/>\n<meta property=\"og:title\" content=\"Pol\u00edtica de Cookies - Transportes Mata\" \/>\n<meta property=\"og:description\" content=\"Sobre l&#8217;\u00fas de Cookies La nostra Directiva Legal descriu com recollim, guardem o utilitzem la informaci\u00f3 que recaptem a trav\u00e9s dels diferents serveis o p\u00e0gines disponibles en aquest lloc. \u00c9s important que entengui que informaci\u00f3 recollim i com la utilitzem, ja que l&#8217;acc\u00e9s a aquest lloc implica l&#8217;acceptaci\u00f3 la nostra Directiva Legal. Cookies L&#8217;acc\u00e9s a [&hellip;]\" \/>\n<meta property=\"og:url\" content=\"https:\/\/www.transportesmata.es\/ca\/politica-de-cookies\/\" \/>\n<meta property=\"og:site_name\" content=\"Transportes Mata\" \/>\n<meta property=\"article:modified_time\" content=\"2020-09-23T11:03:43+00:00\" \/>\n<meta name=\"twitter:card\" content=\"summary_large_image\" \/>\n<meta name=\"twitter:label1\" content=\"Temps estimat de lectura\" \/>\n\t<meta name=\"twitter:data1\" content=\"2 minuts\" \/>\n<script type=\"application\/ld+json\" class=\"yoast-schema-graph\">{\"@context\":\"https:\/\/schema.org\",\"@graph\":[{\"@type\":\"WebPage\",\"@id\":\"https:\/\/www.transportesmata.es\/ca\/politica-de-cookies\/\",\"url\":\"https:\/\/www.transportesmata.es\/ca\/politica-de-cookies\/\",\"name\":\"Pol\u00edtica de Cookies - Transportes Mata\",\"isPartOf\":{\"@id\":\"https:\/\/www.transportesmata.es\/ca\/#website\"},\"datePublished\":\"2019-08-20T11:49:12+00:00\",\"dateModified\":\"2020-09-23T11:03:43+00:00\",\"breadcrumb\":{\"@id\":\"https:\/\/www.transportesmata.es\/ca\/politica-de-cookies\/#breadcrumb\"},\"inLanguage\":\"ca\",\"potentialAction\":[{\"@type\":\"ReadAction\",\"target\":[\"https:\/\/www.transportesmata.es\/ca\/politica-de-cookies\/\"]}]},{\"@type\":\"BreadcrumbList\",\"@id\":\"https:\/\/www.transportesmata.es\/ca\/politica-de-cookies\/#breadcrumb\",\"itemListElement\":[{\"@type\":\"ListItem\",\"position\":1,\"name\":\"Portada\",\"item\":\"https:\/\/www.transportesmata.es\/ca\/inici\/\"},{\"@type\":\"ListItem\",\"position\":2,\"name\":\"Pol\u00edtica de Cookies\"}]},{\"@type\":\"WebSite\",\"@id\":\"https:\/\/www.transportesmata.es\/ca\/#website\",\"url\":\"https:\/\/www.transportesmata.es\/ca\/\",\"name\":\"Transportes Mata\",\"description\":\"Empresa de Transportes Nacionales e Internacionales\",\"publisher\":{\"@id\":\"https:\/\/www.transportesmata.es\/ca\/#organization\"},\"potentialAction\":[{\"@type\":\"SearchAction\",\"target\":{\"@type\":\"EntryPoint\",\"urlTemplate\":\"https:\/\/www.transportesmata.es\/ca\/?s={search_term_string}\"},\"query-input\":\"required name=search_term_string\"}],\"inLanguage\":\"ca\"},{\"@type\":\"Organization\",\"@id\":\"https:\/\/www.transportesmata.es\/ca\/#organization\",\"name\":\"Transportes Mata\",\"url\":\"https:\/\/www.transportesmata.es\/ca\/\",\"logo\":{\"@type\":\"ImageObject\",\"inLanguage\":\"ca\",\"@id\":\"https:\/\/www.transportesmata.es\/ca\/#\/schema\/logo\/image\/\",\"url\":\"https:\/\/www.transportesmata.es\/wp-content\/uploads\/2018\/07\/logo.png\",\"contentUrl\":\"https:\/\/www.transportesmata.es\/wp-content\/uploads\/2018\/07\/logo.png\",\"width\":630,\"height\":313,\"caption\":\"Transportes Mata\"},\"image\":{\"@id\":\"https:\/\/www.transportesmata.es\/ca\/#\/schema\/logo\/image\/\"}}]}<\/script>\n<!-- \/ Yoast SEO plugin. -->","yoast_head_json":{"title":"Pol\u00edtica de Cookies - Transportes Mata","robots":{"index":"index","follow":"follow","max-snippet":"max-snippet:-1","max-image-preview":"max-image-preview:large","max-video-preview":"max-video-preview:-1"},"canonical":"https:\/\/www.transportesmata.es\/ca\/politica-de-cookies\/","og_locale":"ca_ES","og_type":"article","og_title":"Pol\u00edtica de Cookies - Transportes Mata","og_description":"Sobre l&#8217;\u00fas de Cookies La nostra Directiva Legal descriu com recollim, guardem o utilitzem la informaci\u00f3 que recaptem a trav\u00e9s dels diferents serveis o p\u00e0gines disponibles en aquest lloc. \u00c9s important que entengui que informaci\u00f3 recollim i com la utilitzem, ja que l&#8217;acc\u00e9s a aquest lloc implica l&#8217;acceptaci\u00f3 la nostra Directiva Legal. Cookies L&#8217;acc\u00e9s a [&hellip;]","og_url":"https:\/\/www.transportesmata.es\/ca\/politica-de-cookies\/","og_site_name":"Transportes Mata","article_modified_time":"2020-09-23T11:03:43+00:00","twitter_card":"summary_large_image","twitter_misc":{"Temps estimat de lectura":"2 minuts"},"schema":{"@context":"https:\/\/schema.org","@graph":[{"@type":"WebPage","@id":"https:\/\/www.transportesmata.es\/ca\/politica-de-cookies\/","url":"https:\/\/www.transportesmata.es\/ca\/politica-de-cookies\/","name":"Pol\u00edtica de Cookies - Transportes Mata","isPartOf":{"@id":"https:\/\/www.transportesmata.es\/ca\/#website"},"datePublished":"2019-08-20T11:49:12+00:00","dateModified":"2020-09-23T11:03:43+00:00","breadcrumb":{"@id":"https:\/\/www.transportesmata.es\/ca\/politica-de-cookies\/#breadcrumb"},"inLanguage":"ca","potentialAction":[{"@type":"ReadAction","target":["https:\/\/www.transportesmata.es\/ca\/politica-de-cookies\/"]}]},{"@type":"BreadcrumbList","@id":"https:\/\/www.transportesmata.es\/ca\/politica-de-cookies\/#breadcrumb","itemListElement":[{"@type":"ListItem","position":1,"name":"Portada","item":"https:\/\/www.transportesmata.es\/ca\/inici\/"},{"@type":"ListItem","position":2,"name":"Pol\u00edtica de Cookies"}]},{"@type":"WebSite","@id":"https:\/\/www.transportesmata.es\/ca\/#website","url":"https:\/\/www.transportesmata.es\/ca\/","name":"Transportes Mata","description":"Empresa de Transportes Nacionales e Internacionales","publisher":{"@id":"https:\/\/www.transportesmata.es\/ca\/#organization"},"potentialAction":[{"@type":"SearchAction","target":{"@type":"EntryPoint","urlTemplate":"https:\/\/www.transportesmata.es\/ca\/?s={search_term_string}"},"query-input":"required name=search_term_string"}],"inLanguage":"ca"},{"@type":"Organization","@id":"https:\/\/www.transportesmata.es\/ca\/#organization","name":"Transportes Mata","url":"https:\/\/www.transportesmata.es\/ca\/","logo":{"@type":"ImageObject","inLanguage":"ca","@id":"https:\/\/www.transportesmata.es\/ca\/#\/schema\/logo\/image\/","url":"https:\/\/www.transportesmata.es\/wp-content\/uploads\/2018\/07\/logo.png","contentUrl":"https:\/\/www.transportesmata.es\/wp-content\/uploads\/2018\/07\/logo.png","width":630,"height":313,"caption":"Transportes Mata"},"image":{"@id":"https:\/\/www.transportesmata.es\/ca\/#\/schema\/logo\/image\/"}}]}},"_links":{"self":[{"href":"https:\/\/www.transportesmata.es\/ca\/wp-json\/wp\/v2\/pages\/4545","targetHints":{"allow":["GET"]}}],"collection":[{"href":"https:\/\/www.transportesmata.es\/ca\/wp-json\/wp\/v2\/pages"}],"about":[{"href":"https:\/\/www.transportesmata.es\/ca\/wp-json\/wp\/v2\/types\/page"}],"author":[{"embeddable":true,"href":"https:\/\/www.transportesmata.es\/ca\/wp-json\/wp\/v2\/users\/3"}],"replies":[{"embeddable":true,"href":"https:\/\/www.transportesmata.es\/ca\/wp-json\/wp\/v2\/comments?post=4545"}],"version-history":[{"count":0,"href":"https:\/\/www.transportesmata.es\/ca\/wp-json\/wp\/v2\/pages\/4545\/revisions"}],"wp:attachment":[{"href":"https:\/\/www.transportesmata.es\/ca\/wp-json\/wp\/v2\/media?parent=4545"}],"curies":[{"name":"wp","href":"https:\/\/api.w.org\/{rel}","templated":true}]}}