{"id":4541,"date":"2019-08-20T11:47:58","date_gmt":"2019-08-20T11:47:58","guid":{"rendered":"https:\/\/www.transportesmata.es\/?page_id=4541"},"modified":"2019-09-02T16:38:47","modified_gmt":"2019-09-02T16:38:47","slug":"informacio-legal","status":"publish","type":"page","link":"https:\/\/www.transportesmata.es\/ca\/informacio-legal\/","title":{"rendered":"Informaci\u00f3 Legal"},"content":{"rendered":"<p>En compliment de la Llei 34\/2002, de 11 de juliol, de Serveis de la Societat de la Informaci\u00f3 i de Comer\u00e7 Electr\u00f2nic (LSSI-CE), l\u2019entitat Mata Arrufat I Fills S.L. li informa que \u00e9s titular del lloc web.<br \/>\nD\u2019acord amb l\u2019exig\u00e8ncia de l\u2019article 10 de l\u2019esmentada Llei, informa de les seg\u00fcents dades:<\/p>\n<p>El titular d\u2019aquest lloc web \u00e9s:<br \/>\nMata Arrufat I Fills S.L.<br \/>\nNIF: B43605906<br \/>\nDomicili social: Manuel Soler 10, 43820, Calafell, Tarragona<\/p>\n<p>&nbsp;<\/p>\n<p>&nbsp;<\/p>\n<p>&nbsp;<\/p>\n<p>&nbsp;<\/p>\n<p>&nbsp;<\/p>\n<p>&nbsp;<\/p>\n","protected":false},"excerpt":{"rendered":"<p>En compliment de la Llei 34\/2002, de 11 de juliol, de Serveis de la Societat de la Informaci\u00f3 i de Comer\u00e7 Electr\u00f2nic (LSSI-CE), l\u2019entitat Mata Arrufat I Fills S.L. li informa que \u00e9s titular del lloc web. D\u2019acord amb l\u2019exig\u00e8ncia de l\u2019article 10 de l\u2019esmentada Llei, informa de les seg\u00fcents dades: El titular d\u2019aquest lloc [&hellip;]<\/p>\n","protected":false},"author":3,"featured_media":0,"parent":0,"menu_order":0,"comment_status":"closed","ping_status":"closed","template":"","meta":{"_et_pb_use_builder":"","_et_pb_old_content":"","_et_gb_content_width":"","footnotes":""},"class_list":["post-4541","page","type-page","status-publish","hentry"],"yoast_head":"<!-- This site is optimized with the Yoast SEO plugin v22.3 - https:\/\/yoast.com\/wordpress\/plugins\/seo\/ -->\n<title>Informaci\u00f3 Legal - Transportes Mata<\/title>\n<meta name=\"robots\" content=\"index, follow, max-snippet:-1, max-image-preview:large, max-video-preview:-1\" \/>\n<link rel=\"canonical\" href=\"https:\/\/www.transportesmata.es\/ca\/informacio-legal\/\" \/>\n<meta property=\"og:locale\" content=\"ca_ES\" \/>\n<meta property=\"og:type\" content=\"article\" \/>\n<meta property=\"og:title\" content=\"Informaci\u00f3 Legal - Transportes Mata\" \/>\n<meta property=\"og:description\" content=\"En compliment de la Llei 34\/2002, de 11 de juliol, de Serveis de la Societat de la Informaci\u00f3 i de Comer\u00e7 Electr\u00f2nic (LSSI-CE), l\u2019entitat Mata Arrufat I Fills S.L. li informa que \u00e9s titular del lloc web. D\u2019acord amb l\u2019exig\u00e8ncia de l\u2019article 10 de l\u2019esmentada Llei, informa de les seg\u00fcents dades: El titular d\u2019aquest lloc [&hellip;]\" \/>\n<meta property=\"og:url\" content=\"https:\/\/www.transportesmata.es\/ca\/informacio-legal\/\" \/>\n<meta property=\"og:site_name\" content=\"Transportes Mata\" \/>\n<meta property=\"article:modified_time\" content=\"2019-09-02T16:38:47+00:00\" \/>\n<meta name=\"twitter:card\" content=\"summary_large_image\" \/>\n<script type=\"application\/ld+json\" class=\"yoast-schema-graph\">{\"@context\":\"https:\/\/schema.org\",\"@graph\":[{\"@type\":\"WebPage\",\"@id\":\"https:\/\/www.transportesmata.es\/ca\/informacio-legal\/\",\"url\":\"https:\/\/www.transportesmata.es\/ca\/informacio-legal\/\",\"name\":\"Informaci\u00f3 Legal - Transportes Mata\",\"isPartOf\":{\"@id\":\"https:\/\/www.transportesmata.es\/ca\/#website\"},\"datePublished\":\"2019-08-20T11:47:58+00:00\",\"dateModified\":\"2019-09-02T16:38:47+00:00\",\"breadcrumb\":{\"@id\":\"https:\/\/www.transportesmata.es\/ca\/informacio-legal\/#breadcrumb\"},\"inLanguage\":\"ca\",\"potentialAction\":[{\"@type\":\"ReadAction\",\"target\":[\"https:\/\/www.transportesmata.es\/ca\/informacio-legal\/\"]}]},{\"@type\":\"BreadcrumbList\",\"@id\":\"https:\/\/www.transportesmata.es\/ca\/informacio-legal\/#breadcrumb\",\"itemListElement\":[{\"@type\":\"ListItem\",\"position\":1,\"name\":\"Portada\",\"item\":\"https:\/\/www.transportesmata.es\/ca\/inici\/\"},{\"@type\":\"ListItem\",\"position\":2,\"name\":\"Informaci\u00f3 Legal\"}]},{\"@type\":\"WebSite\",\"@id\":\"https:\/\/www.transportesmata.es\/ca\/#website\",\"url\":\"https:\/\/www.transportesmata.es\/ca\/\",\"name\":\"Transportes Mata\",\"description\":\"Empresa de Transportes Nacionales e Internacionales\",\"publisher\":{\"@id\":\"https:\/\/www.transportesmata.es\/ca\/#organization\"},\"potentialAction\":[{\"@type\":\"SearchAction\",\"target\":{\"@type\":\"EntryPoint\",\"urlTemplate\":\"https:\/\/www.transportesmata.es\/ca\/?s={search_term_string}\"},\"query-input\":\"required name=search_term_string\"}],\"inLanguage\":\"ca\"},{\"@type\":\"Organization\",\"@id\":\"https:\/\/www.transportesmata.es\/ca\/#organization\",\"name\":\"Transportes Mata\",\"url\":\"https:\/\/www.transportesmata.es\/ca\/\",\"logo\":{\"@type\":\"ImageObject\",\"inLanguage\":\"ca\",\"@id\":\"https:\/\/www.transportesmata.es\/ca\/#\/schema\/logo\/image\/\",\"url\":\"https:\/\/www.transportesmata.es\/wp-content\/uploads\/2018\/07\/logo.png\",\"contentUrl\":\"https:\/\/www.transportesmata.es\/wp-content\/uploads\/2018\/07\/logo.png\",\"width\":630,\"height\":313,\"caption\":\"Transportes Mata\"},\"image\":{\"@id\":\"https:\/\/www.transportesmata.es\/ca\/#\/schema\/logo\/image\/\"}}]}<\/script>\n<!-- \/ Yoast SEO plugin. -->","yoast_head_json":{"title":"Informaci\u00f3 Legal - Transportes Mata","robots":{"index":"index","follow":"follow","max-snippet":"max-snippet:-1","max-image-preview":"max-image-preview:large","max-video-preview":"max-video-preview:-1"},"canonical":"https:\/\/www.transportesmata.es\/ca\/informacio-legal\/","og_locale":"ca_ES","og_type":"article","og_title":"Informaci\u00f3 Legal - Transportes Mata","og_description":"En compliment de la Llei 34\/2002, de 11 de juliol, de Serveis de la Societat de la Informaci\u00f3 i de Comer\u00e7 Electr\u00f2nic (LSSI-CE), l\u2019entitat Mata Arrufat I Fills S.L. li informa que \u00e9s titular del lloc web. D\u2019acord amb l\u2019exig\u00e8ncia de l\u2019article 10 de l\u2019esmentada Llei, informa de les seg\u00fcents dades: El titular d\u2019aquest lloc [&hellip;]","og_url":"https:\/\/www.transportesmata.es\/ca\/informacio-legal\/","og_site_name":"Transportes Mata","article_modified_time":"2019-09-02T16:38:47+00:00","twitter_card":"summary_large_image","schema":{"@context":"https:\/\/schema.org","@graph":[{"@type":"WebPage","@id":"https:\/\/www.transportesmata.es\/ca\/informacio-legal\/","url":"https:\/\/www.transportesmata.es\/ca\/informacio-legal\/","name":"Informaci\u00f3 Legal - Transportes Mata","isPartOf":{"@id":"https:\/\/www.transportesmata.es\/ca\/#website"},"datePublished":"2019-08-20T11:47:58+00:00","dateModified":"2019-09-02T16:38:47+00:00","breadcrumb":{"@id":"https:\/\/www.transportesmata.es\/ca\/informacio-legal\/#breadcrumb"},"inLanguage":"ca","potentialAction":[{"@type":"ReadAction","target":["https:\/\/www.transportesmata.es\/ca\/informacio-legal\/"]}]},{"@type":"BreadcrumbList","@id":"https:\/\/www.transportesmata.es\/ca\/informacio-legal\/#breadcrumb","itemListElement":[{"@type":"ListItem","position":1,"name":"Portada","item":"https:\/\/www.transportesmata.es\/ca\/inici\/"},{"@type":"ListItem","position":2,"name":"Informaci\u00f3 Legal"}]},{"@type":"WebSite","@id":"https:\/\/www.transportesmata.es\/ca\/#website","url":"https:\/\/www.transportesmata.es\/ca\/","name":"Transportes Mata","description":"Empresa de Transportes Nacionales e Internacionales","publisher":{"@id":"https:\/\/www.transportesmata.es\/ca\/#organization"},"potentialAction":[{"@type":"SearchAction","target":{"@type":"EntryPoint","urlTemplate":"https:\/\/www.transportesmata.es\/ca\/?s={search_term_string}"},"query-input":"required name=search_term_string"}],"inLanguage":"ca"},{"@type":"Organization","@id":"https:\/\/www.transportesmata.es\/ca\/#organization","name":"Transportes Mata","url":"https:\/\/www.transportesmata.es\/ca\/","logo":{"@type":"ImageObject","inLanguage":"ca","@id":"https:\/\/www.transportesmata.es\/ca\/#\/schema\/logo\/image\/","url":"https:\/\/www.transportesmata.es\/wp-content\/uploads\/2018\/07\/logo.png","contentUrl":"https:\/\/www.transportesmata.es\/wp-content\/uploads\/2018\/07\/logo.png","width":630,"height":313,"caption":"Transportes Mata"},"image":{"@id":"https:\/\/www.transportesmata.es\/ca\/#\/schema\/logo\/image\/"}}]}},"_links":{"self":[{"href":"https:\/\/www.transportesmata.es\/ca\/wp-json\/wp\/v2\/pages\/4541","targetHints":{"allow":["GET"]}}],"collection":[{"href":"https:\/\/www.transportesmata.es\/ca\/wp-json\/wp\/v2\/pages"}],"about":[{"href":"https:\/\/www.transportesmata.es\/ca\/wp-json\/wp\/v2\/types\/page"}],"author":[{"embeddable":true,"href":"https:\/\/www.transportesmata.es\/ca\/wp-json\/wp\/v2\/users\/3"}],"replies":[{"embeddable":true,"href":"https:\/\/www.transportesmata.es\/ca\/wp-json\/wp\/v2\/comments?post=4541"}],"version-history":[{"count":0,"href":"https:\/\/www.transportesmata.es\/ca\/wp-json\/wp\/v2\/pages\/4541\/revisions"}],"wp:attachment":[{"href":"https:\/\/www.transportesmata.es\/ca\/wp-json\/wp\/v2\/media?parent=4541"}],"curies":[{"name":"wp","href":"https:\/\/api.w.org\/{rel}","templated":true}]}}